{"id":152,"date":"2017-08-28T20:12:34","date_gmt":"2017-08-28T20:12:34","guid":{"rendered":"http:\/\/erstehilfe-tschechisch.de\/?page_id=152"},"modified":"2017-10-02T20:05:07","modified_gmt":"2017-10-02T20:05:07","slug":"download","status":"publish","type":"page","link":"https:\/\/erstehilfe-tschechisch.de\/?page_id=152","title":{"rendered":"Audio-Downloads"},"content":{"rendered":"<p>Hier k\u00f6nnen Sie den gesamten Inhalt des Buches zum Nachh\u00f6ren und Mitsprechen herunterladen &#8211; der Dateigr\u00f6\u00dfe wegen in 2 Portionen:<\/p>\n<p><a href=\"https:\/\/erstehilfe-tschechisch.de\/wp-content\/uploads\/2017\/07\/EHT_Audio-Download_1.zip\">Erste Hilfe TSCHECHISCH Kapitel 00 &#8211; 14<\/a><\/p>\n<p><a href=\"https:\/\/erstehilfe-tschechisch.de\/wp-content\/uploads\/2017\/07\/EHT_Audio-Download_2.zip\">Erste Hilfe TSCHECHISCH Kapitel 15 &#8211; 30<\/a><\/p>\n","protected":false},"excerpt":{"rendered":"<p>Hier k\u00f6nnen Sie den gesamten Inhalt des Buches zum Nachh\u00f6ren und Mitsprechen herunterladen &#8211; der Dateigr\u00f6\u00dfe wegen in 2 Portionen: Erste Hilfe TSCHECHISCH Kapitel 00 &#8211; 14 Erste Hilfe TSCHECHISCH Kapitel 15 &#8211; 30<\/p>\n","protected":false},"author":1,"featured_media":0,"parent":40,"menu_order":1,"comment_status":"closed","ping_status":"closed","template":"","meta":{"jetpack_post_was_ever_published":false,"footnotes":""},"jetpack_sharing_enabled":true,"jetpack_shortlink":"https:\/\/wp.me\/P90WYv-2s","jetpack_likes_enabled":true,"_links":{"self":[{"href":"https:\/\/erstehilfe-tschechisch.de\/index.php?rest_route=\/wp\/v2\/pages\/152"}],"collection":[{"href":"https:\/\/erstehilfe-tschechisch.de\/index.php?rest_route=\/wp\/v2\/pages"}],"about":[{"href":"https:\/\/erstehilfe-tschechisch.de\/index.php?rest_route=\/wp\/v2\/types\/page"}],"author":[{"embeddable":true,"href":"https:\/\/erstehilfe-tschechisch.de\/index.php?rest_route=\/wp\/v2\/users\/1"}],"replies":[{"embeddable":true,"href":"https:\/\/erstehilfe-tschechisch.de\/index.php?rest_route=%2Fwp%2Fv2%2Fcomments&post=152"}],"version-history":[{"count":3,"href":"https:\/\/erstehilfe-tschechisch.de\/index.php?rest_route=\/wp\/v2\/pages\/152\/revisions"}],"predecessor-version":[{"id":234,"href":"https:\/\/erstehilfe-tschechisch.de\/index.php?rest_route=\/wp\/v2\/pages\/152\/revisions\/234"}],"up":[{"embeddable":true,"href":"https:\/\/erstehilfe-tschechisch.de\/index.php?rest_route=\/wp\/v2\/pages\/40"}],"wp:attachment":[{"href":"https:\/\/erstehilfe-tschechisch.de\/index.php?rest_route=%2Fwp%2Fv2%2Fmedia&parent=152"}],"curies":[{"name":"wp","href":"https:\/\/api.w.org\/{rel}","templated":true}]}}