{"id":72,"date":"2017-08-19T14:24:00","date_gmt":"2017-08-19T14:24:00","guid":{"rendered":"http:\/\/erstehilfe-tschechisch.de\/?page_id=72"},"modified":"2017-10-02T20:05:33","modified_gmt":"2017-10-02T20:05:33","slug":"das-tschechische-tastaturlayout","status":"publish","type":"page","link":"https:\/\/erstehilfe-tschechisch.de\/?page_id=72","title":{"rendered":"Tastaturlayout"},"content":{"rendered":"<p><a href=\"https:\/\/i0.wp.com\/erstehilfe-tschechisch.de\/wp-content\/uploads\/2017\/07\/ERSTEHILFE-Tschechisch-Tastaturlayout-CZ.jpg?ssl=1\"><img loading=\"lazy\" decoding=\"async\" data-attachment-id=\"41\" data-permalink=\"https:\/\/erstehilfe-tschechisch.de\/?attachment_id=41\" data-orig-file=\"https:\/\/i0.wp.com\/erstehilfe-tschechisch.de\/wp-content\/uploads\/2017\/07\/ERSTEHILFE-Tschechisch-Tastaturlayout-CZ.jpg?fit=2480%2C1748&amp;ssl=1\" data-orig-size=\"2480,1748\" data-comments-opened=\"1\" data-image-meta=\"{&quot;aperture&quot;:&quot;0&quot;,&quot;credit&quot;:&quot;&quot;,&quot;camera&quot;:&quot;&quot;,&quot;caption&quot;:&quot;&quot;,&quot;created_timestamp&quot;:&quot;0&quot;,&quot;copyright&quot;:&quot;&quot;,&quot;focal_length&quot;:&quot;0&quot;,&quot;iso&quot;:&quot;0&quot;,&quot;shutter_speed&quot;:&quot;0&quot;,&quot;title&quot;:&quot;&quot;,&quot;orientation&quot;:&quot;1&quot;}\" data-image-title=\"Download CZ-Tastaturlayout\" data-image-description=\"\" data-image-caption=\"\" data-medium-file=\"https:\/\/i0.wp.com\/erstehilfe-tschechisch.de\/wp-content\/uploads\/2017\/07\/ERSTEHILFE-Tschechisch-Tastaturlayout-CZ.jpg?fit=300%2C211&amp;ssl=1\" data-large-file=\"https:\/\/i0.wp.com\/erstehilfe-tschechisch.de\/wp-content\/uploads\/2017\/07\/ERSTEHILFE-Tschechisch-Tastaturlayout-CZ.jpg?fit=840%2C592&amp;ssl=1\" class=\"alignnone size-medium wp-image-41\" src=\"https:\/\/i0.wp.com\/erstehilfe-tschechisch.de\/wp-content\/uploads\/2017\/07\/ERSTEHILFE-Tschechisch-Tastaturlayout-CZ.jpg?resize=300%2C211&#038;ssl=1\" alt=\"\" width=\"300\" height=\"211\" srcset=\"https:\/\/i0.wp.com\/erstehilfe-tschechisch.de\/wp-content\/uploads\/2017\/07\/ERSTEHILFE-Tschechisch-Tastaturlayout-CZ.jpg?resize=300%2C211&amp;ssl=1 300w, https:\/\/i0.wp.com\/erstehilfe-tschechisch.de\/wp-content\/uploads\/2017\/07\/ERSTEHILFE-Tschechisch-Tastaturlayout-CZ.jpg?resize=768%2C541&amp;ssl=1 768w, https:\/\/i0.wp.com\/erstehilfe-tschechisch.de\/wp-content\/uploads\/2017\/07\/ERSTEHILFE-Tschechisch-Tastaturlayout-CZ.jpg?resize=1024%2C722&amp;ssl=1 1024w, https:\/\/i0.wp.com\/erstehilfe-tschechisch.de\/wp-content\/uploads\/2017\/07\/ERSTEHILFE-Tschechisch-Tastaturlayout-CZ.jpg?w=1680&amp;ssl=1 1680w\" sizes=\"(max-width: 300px) 100vw, 300px\" data-recalc-dims=\"1\" \/><\/a><\/p>\n<p>Wo waren gleich wieder die tschechischen Buchstaben mit h\u00e1\u010dek, krou\u017eek und \u010d\u00e1rka auf der Tastatur zu finden?<\/p>\n<p>Hier ist die \u00dcbersicht von Seite 7 im Buch zum Ausdrucken und in Griffweite haben&#8230; Einfach auf das Bild klicken und herunterladen. (Rechte Maustaste, Grafik speichern unter)<\/p>\n","protected":false},"excerpt":{"rendered":"<p>Wo waren gleich wieder die tschechischen Buchstaben mit h\u00e1\u010dek, krou\u017eek und \u010d\u00e1rka auf der Tastatur zu finden? Hier ist die \u00dcbersicht von Seite 7 im Buch zum Ausdrucken und in Griffweite haben&#8230; Einfach auf das Bild klicken und herunterladen. (Rechte Maustaste, Grafik speichern unter)<\/p>\n","protected":false},"author":1,"featured_media":0,"parent":40,"menu_order":2,"comment_status":"closed","ping_status":"closed","template":"","meta":{"jetpack_post_was_ever_published":false,"footnotes":""},"jetpack_sharing_enabled":true,"jetpack_shortlink":"https:\/\/wp.me\/P90WYv-1a","jetpack_likes_enabled":true,"_links":{"self":[{"href":"https:\/\/erstehilfe-tschechisch.de\/index.php?rest_route=\/wp\/v2\/pages\/72"}],"collection":[{"href":"https:\/\/erstehilfe-tschechisch.de\/index.php?rest_route=\/wp\/v2\/pages"}],"about":[{"href":"https:\/\/erstehilfe-tschechisch.de\/index.php?rest_route=\/wp\/v2\/types\/page"}],"author":[{"embeddable":true,"href":"https:\/\/erstehilfe-tschechisch.de\/index.php?rest_route=\/wp\/v2\/users\/1"}],"replies":[{"embeddable":true,"href":"https:\/\/erstehilfe-tschechisch.de\/index.php?rest_route=%2Fwp%2Fv2%2Fcomments&post=72"}],"version-history":[{"count":6,"href":"https:\/\/erstehilfe-tschechisch.de\/index.php?rest_route=\/wp\/v2\/pages\/72\/revisions"}],"predecessor-version":[{"id":142,"href":"https:\/\/erstehilfe-tschechisch.de\/index.php?rest_route=\/wp\/v2\/pages\/72\/revisions\/142"}],"up":[{"embeddable":true,"href":"https:\/\/erstehilfe-tschechisch.de\/index.php?rest_route=\/wp\/v2\/pages\/40"}],"wp:attachment":[{"href":"https:\/\/erstehilfe-tschechisch.de\/index.php?rest_route=%2Fwp%2Fv2%2Fmedia&parent=72"}],"curies":[{"name":"wp","href":"https:\/\/api.w.org\/{rel}","templated":true}]}}