{"id":95,"date":"2017-08-21T20:16:52","date_gmt":"2017-08-21T20:16:52","guid":{"rendered":"http:\/\/erstehilfe-tschechisch.de\/?page_id=95"},"modified":"2023-02-18T18:04:51","modified_gmt":"2023-02-18T18:04:51","slug":"bestellen","status":"publish","type":"page","link":"https:\/\/erstehilfe-tschechisch.de\/?page_id=95","title":{"rendered":"Bestellen"},"content":{"rendered":"<p>Hier geht es zum <strong><a href=\"https:\/\/balaena.de\/2005\/12\/13\/b03\/\" target=\"_blank\" rel=\"noopener\">Webshop des BALAENA-Verlags<\/a><\/strong>. Dort k\u00f6nnen Sie Ihr Exemplar des Buches zum Preis von 18,- \u20ac plus Versandkostenanteil bestellen und bekommen es umgehend bequem nach Hause geliefert.<\/p>\n<p>Nat\u00fcrlich k\u00f6nnen Sie das Buch auch in Ihrer Lieblingsbuchhandlung vor Ort kaufen. Wenn es dort nicht vorr\u00e4tig ist, wird man es sicher gern f\u00fcr Sie bestellen. Notieren Sie sich dazu am besten die ISBN-Nummer, dann klappt das reibungslos: <strong>ISBN 978-3-98112661-8-4<\/strong><\/p>\n<p><a href=\"https:\/\/i0.wp.com\/erstehilfe-tschechisch.de\/wp-content\/uploads\/2017\/11\/EHT_Bierdeckel_kv.jpg?ssl=1\"><img loading=\"lazy\" decoding=\"async\" data-attachment-id=\"281\" data-permalink=\"https:\/\/erstehilfe-tschechisch.de\/?attachment_id=281\" data-orig-file=\"https:\/\/i0.wp.com\/erstehilfe-tschechisch.de\/wp-content\/uploads\/2017\/11\/EHT_Bierdeckel_kv.jpg?fit=1200%2C1200&amp;ssl=1\" data-orig-size=\"1200,1200\" data-comments-opened=\"0\" data-image-meta=\"{&quot;aperture&quot;:&quot;2.1&quot;,&quot;credit&quot;:&quot;&quot;,&quot;camera&quot;:&quot;FP2&quot;,&quot;caption&quot;:&quot;&quot;,&quot;created_timestamp&quot;:&quot;1509124697&quot;,&quot;copyright&quot;:&quot;&quot;,&quot;focal_length&quot;:&quot;3.7&quot;,&quot;iso&quot;:&quot;141&quot;,&quot;shutter_speed&quot;:&quot;0.016666666666667&quot;,&quot;title&quot;:&quot;&quot;,&quot;orientation&quot;:&quot;1&quot;}\" data-image-title=\"EHT_Bierdeckel_kv\" data-image-description=\"\" data-image-caption=\"\" data-medium-file=\"https:\/\/i0.wp.com\/erstehilfe-tschechisch.de\/wp-content\/uploads\/2017\/11\/EHT_Bierdeckel_kv.jpg?fit=300%2C300&amp;ssl=1\" data-large-file=\"https:\/\/i0.wp.com\/erstehilfe-tschechisch.de\/wp-content\/uploads\/2017\/11\/EHT_Bierdeckel_kv.jpg?fit=840%2C840&amp;ssl=1\" class=\"alignleft size-thumbnail wp-image-281\" src=\"https:\/\/i0.wp.com\/erstehilfe-tschechisch.de\/wp-content\/uploads\/2017\/11\/EHT_Bierdeckel_kv.jpg?resize=150%2C150&#038;ssl=1\" alt=\"\" width=\"150\" height=\"150\" srcset=\"https:\/\/i0.wp.com\/erstehilfe-tschechisch.de\/wp-content\/uploads\/2017\/11\/EHT_Bierdeckel_kv.jpg?resize=150%2C150&amp;ssl=1 150w, https:\/\/i0.wp.com\/erstehilfe-tschechisch.de\/wp-content\/uploads\/2017\/11\/EHT_Bierdeckel_kv.jpg?resize=300%2C300&amp;ssl=1 300w, https:\/\/i0.wp.com\/erstehilfe-tschechisch.de\/wp-content\/uploads\/2017\/11\/EHT_Bierdeckel_kv.jpg?resize=768%2C768&amp;ssl=1 768w, https:\/\/i0.wp.com\/erstehilfe-tschechisch.de\/wp-content\/uploads\/2017\/11\/EHT_Bierdeckel_kv.jpg?resize=1024%2C1024&amp;ssl=1 1024w, https:\/\/i0.wp.com\/erstehilfe-tschechisch.de\/wp-content\/uploads\/2017\/11\/EHT_Bierdeckel_kv.jpg?resize=120%2C120&amp;ssl=1 120w, https:\/\/i0.wp.com\/erstehilfe-tschechisch.de\/wp-content\/uploads\/2017\/11\/EHT_Bierdeckel_kv.jpg?w=1200&amp;ssl=1 1200w\" sizes=\"(max-width: 150px) 100vw, 150px\" data-recalc-dims=\"1\" \/><\/a><strong>NEU und nur solange der Vorrat reicht:<\/strong><br \/>\nAllen Direktbestellungen legen wir ein paar Erste Hilfe TSCHECHISCH Bierdeckel bei, damit das Lernen nicht so trocken wird. Sie leiten einen Tschechisch-Sprachkurs, haben einen Tschechisch-Stammtisch in Ihrem Lokal, leiten eine Gruppenreise nach Tschechien? Dann senden wir Ihnen gerne ein paar mehr Exemplare zu. Kurze Nachricht gen\u00fcgt!<\/p>\n<div data-test='contact-form' id='contact-form-95' class='wp-block-jetpack-contact-form-container '>\n<form action='https:\/\/erstehilfe-tschechisch.de\/?page_id=95#contact-form-95' method='post' class='contact-form commentsblock' aria-label=\"Bestellen\" novalidate>\n\n<div style=\"\" class='grunion-field-name-wrap grunion-field-wrap'  >\n<label\n\t\t\t\tfor='g95-name'\n\t\t\t\tclass='grunion-field-label name'>Name<span class=\"grunion-label-required\" aria-hidden=\"true\">(erforderlich)<\/span><\/label>\n<input\n\t\t\t\t\ttype='text'\n\t\t\t\t\tname='g95-name'\n\t\t\t\t\tid='g95-name'\n\t\t\t\t\tvalue=''\n\t\t\t\t\tclass='name  grunion-field' \n\t\t\t\t\trequired aria-required='true' \/>\n\t<\/div>\n\n<div style=\"\" class='grunion-field-email-wrap grunion-field-wrap'  >\n<label\n\t\t\t\tfor='g95-email'\n\t\t\t\tclass='grunion-field-label email'>E-Mail <span class=\"grunion-label-required\" aria-hidden=\"true\">(erforderlich)<\/span><\/label>\n<input\n\t\t\t\t\ttype='email'\n\t\t\t\t\tname='g95-email'\n\t\t\t\t\tid='g95-email'\n\t\t\t\t\tvalue=''\n\t\t\t\t\tclass='email  grunion-field' \n\t\t\t\t\trequired aria-required='true' \/>\n\t<\/div>\n\n<div style=\"\" class='grunion-field-textarea-wrap grunion-field-wrap'  >\n<label\n\t\t\t\tfor='contact-form-comment-g95-nachricht'\n\t\t\t\tclass='grunion-field-label textarea'>Nachricht<\/label>\n<textarea\n\t\t                style=''\n\t\t                name='g95-nachricht'\n\t\t                id='contact-form-comment-g95-nachricht'\n\t\t                rows='20' class='textarea  grunion-field'  ><\/textarea>\n\t<\/div>\n\t<p class='contact-submit'>\n\t\t<button type='submit' class='pushbutton-wide'>Senden<\/button>\t\t<input type='hidden' name='contact-form-id' value='95' \/>\n\t\t<input type='hidden' name='action' value='grunion-contact-form' \/>\n\t\t<input type='hidden' name='contact-form-hash' value='902ac51847f59a2348cd4f2e471f34325f5b32d1' \/>\n\t<\/p>\n<\/form>\n<\/div>\n<p><span id=\"contact\" class=\"ts-muster-generator-wrap ts-muster-id-contact\"><span class=\"ts-muster-info\"><i>Hinweise zur Verarbeitung Ihrer Angaben und Widerspruchsrechte finden Sie auf der Seite<\/i><\/span><\/span><a href=\"https:\/\/erstehilfe-tschechisch.de\/?page_id=444\" target=\"_blank\" rel=\"noopener\"><strong>\u00a0Datenschutz<\/strong><\/a><\/p>\n","protected":false},"excerpt":{"rendered":"<p>Hier geht es zum Webshop des BALAENA-Verlags. Dort k\u00f6nnen Sie Ihr Exemplar des Buches zum Preis von 18,- \u20ac plus Versandkostenanteil bestellen und bekommen es umgehend bequem nach Hause geliefert. Nat\u00fcrlich k\u00f6nnen Sie das Buch auch in Ihrer Lieblingsbuchhandlung vor Ort kaufen. Wenn es dort nicht vorr\u00e4tig ist, wird man es sicher gern f\u00fcr Sie bestellen. Notieren Sie sich dazu am besten die ISBN-Nummer, dann klappt das reibungslos: ISBN 978-3-98112661-8-4 NEU und nur solange der Vorrat reicht: Allen Direktbestellungen legen wir ein paar Erste Hilfe TSCHECHISCH Bierdeckel bei, damit das Lernen nicht so trocken wird. Sie leiten einen Tschechisch-Sprachkurs, haben einen Tschechisch-Stammtisch in Ihrem Lokal, leiten eine Gruppenreise nach Tschechien? Dann senden wir Ihnen gerne ein paar mehr Exemplare zu. Kurze Nachricht gen\u00fcgt! Hinweise zur Verarbeitung Ihrer Angaben und Widerspruchsrechte finden Sie auf der Seite\u00a0Datenschutz<\/p>\n","protected":false},"author":1,"featured_media":0,"parent":0,"menu_order":0,"comment_status":"closed","ping_status":"closed","template":"","meta":{"jetpack_post_was_ever_published":false,"footnotes":""},"jetpack_sharing_enabled":true,"jetpack_shortlink":"https:\/\/wp.me\/P90WYv-1x","jetpack_likes_enabled":true,"_links":{"self":[{"href":"https:\/\/erstehilfe-tschechisch.de\/index.php?rest_route=\/wp\/v2\/pages\/95"}],"collection":[{"href":"https:\/\/erstehilfe-tschechisch.de\/index.php?rest_route=\/wp\/v2\/pages"}],"about":[{"href":"https:\/\/erstehilfe-tschechisch.de\/index.php?rest_route=\/wp\/v2\/types\/page"}],"author":[{"embeddable":true,"href":"https:\/\/erstehilfe-tschechisch.de\/index.php?rest_route=\/wp\/v2\/users\/1"}],"replies":[{"embeddable":true,"href":"https:\/\/erstehilfe-tschechisch.de\/index.php?rest_route=%2Fwp%2Fv2%2Fcomments&post=95"}],"version-history":[{"count":12,"href":"https:\/\/erstehilfe-tschechisch.de\/index.php?rest_route=\/wp\/v2\/pages\/95\/revisions"}],"predecessor-version":[{"id":3534,"href":"https:\/\/erstehilfe-tschechisch.de\/index.php?rest_route=\/wp\/v2\/pages\/95\/revisions\/3534"}],"wp:attachment":[{"href":"https:\/\/erstehilfe-tschechisch.de\/index.php?rest_route=%2Fwp%2Fv2%2Fmedia&parent=95"}],"curies":[{"name":"wp","href":"https:\/\/api.w.org\/{rel}","templated":true}]}}